{"id":679,"date":"2021-08-27T16:29:20","date_gmt":"2021-08-27T16:29:20","guid":{"rendered":"http:\/\/newtr.com\/?page_id=679"},"modified":"2025-11-21T15:48:24","modified_gmt":"2025-11-21T15:48:24","slug":"politicas-de-privacidad","status":"publish","type":"page","link":"https:\/\/newtr.com\/en\/politicas-de-privacidad\/","title":{"rendered":"Politics"},"content":{"rendered":"<div data-elementor-type=\"wp-page\" data-elementor-id=\"679\" class=\"elementor elementor-679\" data-elementor-post-type=\"page\">\n\t\t\t\t\t\t<section class=\"elementor-section elementor-top-section elementor-element elementor-element-9761aae elementor-section-boxed elementor-section-height-default elementor-section-height-default\" data-id=\"9761aae\" data-element_type=\"section\">\n\t\t\t\t\t\t<div class=\"elementor-container elementor-column-gap-default\">\n\t\t\t\t\t<div class=\"elementor-column elementor-col-100 elementor-top-column elementor-element elementor-element-d281092\" data-id=\"d281092\" data-element_type=\"column\">\n\t\t\t<div class=\"elementor-widget-wrap elementor-element-populated\">\n\t\t\t\t\t\t<div class=\"elementor-element elementor-element-0fc43e8 elementor-view-default elementor-widget elementor-widget-icon\" data-id=\"0fc43e8\" data-element_type=\"widget\" data-widget_type=\"icon.default\">\n\t\t\t\t<div class=\"elementor-widget-container\">\n\t\t\t\t\t\t\t<div class=\"elementor-icon-wrapper\">\n\t\t\t<div class=\"elementor-icon\">\n\t\t\t<i aria-hidden=\"true\" class=\"fab fa-readme\"><\/i>\t\t\t<\/div>\n\t\t<\/div>\n\t\t\t\t\t\t<\/div>\n\t\t\t\t<\/div>\n\t\t\t\t<div class=\"elementor-element elementor-element-005b708 elementor-widget elementor-widget-text-editor\" data-id=\"005b708\" data-element_type=\"widget\" data-widget_type=\"text-editor.default\">\n\t\t\t\t<div class=\"elementor-widget-container\">\n\t\t\t\t\t\t\t\t\t<p>\u00a0<\/p><ul><li><a href=\"https:\/\/newtr.com\/wp-content\/uploads\/2025\/11\/POLITICA-DEL-SISTEMA-DE-GESTION-PARA-LA-SEGURIDAD-2024.pdf\">POLITICA DEL SISTEMA DE GESTION PARA LA SEGURIDAD 2024<\/a><\/li><li><a href=\"https:\/\/newtr.com\/wp-content\/uploads\/2025\/11\/POLITICA-DE-TRATAMIENTO-DE-DATOS-PERSONALES-PagWeb.docx\">POL\u00cdTICA DE TRATAMIENTO DE DATOS PERSONALES-PagWeb<\/a><\/li><li><a href=\"https:\/\/newtr.com\/wp-content\/uploads\/2025\/11\/A-P-PD-GR-005-Codigo-de-etica-NewTr-SAS-1.pdf\">A-P-PD-GR-005 C\u00f3digo de \u00e9tica NewTr SAS-1<\/a><\/li><li><a href=\"https:\/\/newtr.com\/wp-content\/uploads\/2025\/11\/A-P-PD-GR-001-POLITICA-SGC.pdf\">A-P-PD-GR-001 POLITICA SGC<\/a><\/li><li><span style=\"color: #000000;\">ENLACE FORMATO DENUNCIA DE SOBORNO: <\/span><span style=\"color: #008000;\">https:\/\/forms.office.com\/Pages\/ResponsePage.aspx?id=_eIRnkt3o0iIOC-upTwZRdGuDoXX0yVEjatRZXUZwjJUREFST0hWNk45RVVWVjEwQ0NSUFFZTDNXUS4u<\/span><\/li><\/ul>\t\t\t\t\t\t\t\t<\/div>\n\t\t\t\t<\/div>\n\t\t\t\t\t<\/div>\n\t\t<\/div>\n\t\t\t\t\t<\/div>\n\t\t<\/section>\n\t\t\t\t<\/div>","protected":false},"excerpt":{"rendered":"<p>\u00a0 POLITICA DEL SISTEMA DE GESTION PARA LA SEGURIDAD 2024 POL\u00cdTICA DE TRATAMIENTO DE DATOS PERSONALES-PagWeb A-P-PD-GR-005 C\u00f3digo de \u00e9tica NewTr SAS-1 A-P-PD-GR-001 POLITICA SGC ENLACE FORMATO DENUNCIA DE SOBORNO: https:\/\/forms.office.com\/Pages\/ResponsePage.aspx?id=_eIRnkt3o0iIOC-upTwZRdGuDoXX0yVEjatRZXUZwjJUREFST0hWNk45RVVWVjEwQ0NSUFFZTDNXUS4u<\/p>","protected":false},"author":4,"featured_media":0,"parent":0,"menu_order":0,"comment_status":"closed","ping_status":"closed","template":"","meta":{"footnotes":""},"class_list":["post-679","page","type-page","status-publish","hentry"],"_links":{"self":[{"href":"https:\/\/newtr.com\/en\/wp-json\/wp\/v2\/pages\/679","targetHints":{"allow":["GET"]}}],"collection":[{"href":"https:\/\/newtr.com\/en\/wp-json\/wp\/v2\/pages"}],"about":[{"href":"https:\/\/newtr.com\/en\/wp-json\/wp\/v2\/types\/page"}],"author":[{"embeddable":true,"href":"https:\/\/newtr.com\/en\/wp-json\/wp\/v2\/users\/4"}],"replies":[{"embeddable":true,"href":"https:\/\/newtr.com\/en\/wp-json\/wp\/v2\/comments?post=679"}],"version-history":[{"count":76,"href":"https:\/\/newtr.com\/en\/wp-json\/wp\/v2\/pages\/679\/revisions"}],"predecessor-version":[{"id":1279,"href":"https:\/\/newtr.com\/en\/wp-json\/wp\/v2\/pages\/679\/revisions\/1279"}],"wp:attachment":[{"href":"https:\/\/newtr.com\/en\/wp-json\/wp\/v2\/media?parent=679"}],"curies":[{"name":"wp","href":"https:\/\/api.w.org\/{rel}","templated":true}]}}